{"id":5866,"date":"2026-04-20T19:36:45","date_gmt":"2026-04-20T19:36:45","guid":{"rendered":"https:\/\/traemelo.com.pe\/es\/?post_type=product&#038;p=5866"},"modified":"2026-04-20T19:39:55","modified_gmt":"2026-04-20T19:39:55","slug":"pinati-double-banana-peanut-2","status":"publish","type":"product","link":"https:\/\/traemelo.com.pe\/es\/product\/pinati-double-banana-peanut-2\/","title":{"rendered":"PINATI DOUBLE BANANA PEANUT"},"content":{"rendered":"","protected":false},"excerpt":{"rendered":"<p>Prote\u00edna que aporta energ\u00eda, favorece el desarrollo muscular y mejora el rendimiento f\u00edsico.<\/p>\n","protected":false},"featured_media":5838,"template":"","meta":{"_joinchat":[]},"product_brand":[],"product_cat":[65],"product_tag":[],"class_list":{"0":"post-5866","1":"product","2":"type-product","3":"status-publish","4":"has-post-thumbnail","6":"product_cat-salud","8":"first","9":"instock","10":"shipping-taxable","11":"purchasable","12":"product-type-simple"},"_links":{"self":[{"href":"https:\/\/traemelo.com.pe\/es\/wp-json\/wp\/v2\/product\/5866","targetHints":{"allow":["GET"]}}],"collection":[{"href":"https:\/\/traemelo.com.pe\/es\/wp-json\/wp\/v2\/product"}],"about":[{"href":"https:\/\/traemelo.com.pe\/es\/wp-json\/wp\/v2\/types\/product"}],"wp:featuredmedia":[{"embeddable":true,"href":"https:\/\/traemelo.com.pe\/es\/wp-json\/wp\/v2\/media\/5838"}],"wp:attachment":[{"href":"https:\/\/traemelo.com.pe\/es\/wp-json\/wp\/v2\/media?parent=5866"}],"wp:term":[{"taxonomy":"product_brand","embeddable":true,"href":"https:\/\/traemelo.com.pe\/es\/wp-json\/wp\/v2\/product_brand?post=5866"},{"taxonomy":"product_cat","embeddable":true,"href":"https:\/\/traemelo.com.pe\/es\/wp-json\/wp\/v2\/product_cat?post=5866"},{"taxonomy":"product_tag","embeddable":true,"href":"https:\/\/traemelo.com.pe\/es\/wp-json\/wp\/v2\/product_tag?post=5866"}],"curies":[{"name":"wp","href":"https:\/\/api.w.org\/{rel}","templated":true}]}}