{"id":5863,"date":"2026-04-20T19:36:44","date_gmt":"2026-04-20T19:36:44","guid":{"rendered":"https:\/\/traemelo.com.pe\/es\/?post_type=product&#038;p=5863"},"modified":"2026-04-20T19:41:31","modified_gmt":"2026-04-20T19:41:31","slug":"nc-ashwagandha-2","status":"publish","type":"product","link":"https:\/\/traemelo.com.pe\/es\/product\/nc-ashwagandha-2\/","title":{"rendered":"NC ASHWAGANDHA"},"content":{"rendered":"","protected":false},"excerpt":{"rendered":"<p>Reduce el estr\u00e9s, mejora el sue\u00f1o y aumenta la resistencia f\u00edsica y mental.<\/p>\n","protected":false},"featured_media":5824,"template":"","meta":{"_joinchat":[]},"product_brand":[],"product_cat":[65],"product_tag":[],"class_list":{"0":"post-5863","1":"product","2":"type-product","3":"status-publish","4":"has-post-thumbnail","6":"product_cat-salud","8":"first","9":"instock","10":"shipping-taxable","11":"purchasable","12":"product-type-simple"},"_links":{"self":[{"href":"https:\/\/traemelo.com.pe\/es\/wp-json\/wp\/v2\/product\/5863","targetHints":{"allow":["GET"]}}],"collection":[{"href":"https:\/\/traemelo.com.pe\/es\/wp-json\/wp\/v2\/product"}],"about":[{"href":"https:\/\/traemelo.com.pe\/es\/wp-json\/wp\/v2\/types\/product"}],"wp:featuredmedia":[{"embeddable":true,"href":"https:\/\/traemelo.com.pe\/es\/wp-json\/wp\/v2\/media\/5824"}],"wp:attachment":[{"href":"https:\/\/traemelo.com.pe\/es\/wp-json\/wp\/v2\/media?parent=5863"}],"wp:term":[{"taxonomy":"product_brand","embeddable":true,"href":"https:\/\/traemelo.com.pe\/es\/wp-json\/wp\/v2\/product_brand?post=5863"},{"taxonomy":"product_cat","embeddable":true,"href":"https:\/\/traemelo.com.pe\/es\/wp-json\/wp\/v2\/product_cat?post=5863"},{"taxonomy":"product_tag","embeddable":true,"href":"https:\/\/traemelo.com.pe\/es\/wp-json\/wp\/v2\/product_tag?post=5863"}],"curies":[{"name":"wp","href":"https:\/\/api.w.org\/{rel}","templated":true}]}}