{"id":5858,"date":"2026-04-20T19:36:44","date_gmt":"2026-04-20T19:36:44","guid":{"rendered":"https:\/\/traemelo.com.pe\/es\/?post_type=product&#038;p=5858"},"modified":"2026-04-20T19:43:33","modified_gmt":"2026-04-20T19:43:33","slug":"nc-zinc-gomitas-kid","status":"publish","type":"product","link":"https:\/\/traemelo.com.pe\/es\/product\/nc-zinc-gomitas-kid\/","title":{"rendered":"NC ZINC GOMITAS KID"},"content":{"rendered":"","protected":false},"excerpt":{"rendered":"<p>Refuerza el sistema inmunol\u00f3gico en ni\u00f1os, favorece el crecimiento y mejora la cicatrizaci\u00f3n.<\/p>\n","protected":false},"featured_media":5830,"template":"","meta":{"_joinchat":[]},"product_brand":[],"product_cat":[65],"product_tag":[],"class_list":{"0":"post-5858","1":"product","2":"type-product","3":"status-publish","4":"has-post-thumbnail","6":"product_cat-salud","8":"first","9":"instock","10":"shipping-taxable","11":"purchasable","12":"product-type-simple"},"_links":{"self":[{"href":"https:\/\/traemelo.com.pe\/es\/wp-json\/wp\/v2\/product\/5858","targetHints":{"allow":["GET"]}}],"collection":[{"href":"https:\/\/traemelo.com.pe\/es\/wp-json\/wp\/v2\/product"}],"about":[{"href":"https:\/\/traemelo.com.pe\/es\/wp-json\/wp\/v2\/types\/product"}],"wp:featuredmedia":[{"embeddable":true,"href":"https:\/\/traemelo.com.pe\/es\/wp-json\/wp\/v2\/media\/5830"}],"wp:attachment":[{"href":"https:\/\/traemelo.com.pe\/es\/wp-json\/wp\/v2\/media?parent=5858"}],"wp:term":[{"taxonomy":"product_brand","embeddable":true,"href":"https:\/\/traemelo.com.pe\/es\/wp-json\/wp\/v2\/product_brand?post=5858"},{"taxonomy":"product_cat","embeddable":true,"href":"https:\/\/traemelo.com.pe\/es\/wp-json\/wp\/v2\/product_cat?post=5858"},{"taxonomy":"product_tag","embeddable":true,"href":"https:\/\/traemelo.com.pe\/es\/wp-json\/wp\/v2\/product_tag?post=5858"}],"curies":[{"name":"wp","href":"https:\/\/api.w.org\/{rel}","templated":true}]}}