{"id":5850,"date":"2026-04-20T19:36:43","date_gmt":"2026-04-20T19:36:43","guid":{"rendered":"https:\/\/traemelo.com.pe\/es\/?post_type=product&#038;p=5850"},"modified":"2026-04-20T19:48:02","modified_gmt":"2026-04-20T19:48:02","slug":"now-inulin","status":"publish","type":"product","link":"https:\/\/traemelo.com.pe\/es\/product\/now-inulin\/","title":{"rendered":"NOW INULIN"},"content":{"rendered":"","protected":false},"excerpt":{"rendered":"<p>Fibra prebi\u00f3tica que mejora la digesti\u00f3n, regula el tr\u00e1nsito intestinal y favorece la salud de la microbiota intestinal.<\/p>\n","protected":false},"featured_media":5833,"template":"","meta":{"_joinchat":[]},"product_brand":[],"product_cat":[65],"product_tag":[],"class_list":{"0":"post-5850","1":"product","2":"type-product","3":"status-publish","4":"has-post-thumbnail","6":"product_cat-salud","8":"first","9":"instock","10":"shipping-taxable","11":"purchasable","12":"product-type-simple"},"_links":{"self":[{"href":"https:\/\/traemelo.com.pe\/es\/wp-json\/wp\/v2\/product\/5850","targetHints":{"allow":["GET"]}}],"collection":[{"href":"https:\/\/traemelo.com.pe\/es\/wp-json\/wp\/v2\/product"}],"about":[{"href":"https:\/\/traemelo.com.pe\/es\/wp-json\/wp\/v2\/types\/product"}],"wp:featuredmedia":[{"embeddable":true,"href":"https:\/\/traemelo.com.pe\/es\/wp-json\/wp\/v2\/media\/5833"}],"wp:attachment":[{"href":"https:\/\/traemelo.com.pe\/es\/wp-json\/wp\/v2\/media?parent=5850"}],"wp:term":[{"taxonomy":"product_brand","embeddable":true,"href":"https:\/\/traemelo.com.pe\/es\/wp-json\/wp\/v2\/product_brand?post=5850"},{"taxonomy":"product_cat","embeddable":true,"href":"https:\/\/traemelo.com.pe\/es\/wp-json\/wp\/v2\/product_cat?post=5850"},{"taxonomy":"product_tag","embeddable":true,"href":"https:\/\/traemelo.com.pe\/es\/wp-json\/wp\/v2\/product_tag?post=5850"}],"curies":[{"name":"wp","href":"https:\/\/api.w.org\/{rel}","templated":true}]}}