{"id":5699,"date":"2026-04-04T12:15:20","date_gmt":"2026-04-04T12:15:20","guid":{"rendered":"https:\/\/traemelo.com.pe\/es\/?post_type=product&#038;p=5699"},"modified":"2026-04-07T23:38:37","modified_gmt":"2026-04-07T23:38:37","slug":"vein-erect-with-l-arginine-and-maca-80-cap","status":"publish","type":"product","link":"https:\/\/traemelo.com.pe\/es\/product\/vein-erect-with-l-arginine-and-maca-80-cap\/","title":{"rendered":"VEIN ERECT WITH L-ARGININE AND MACA (80 CAP)"},"content":{"rendered":"","protected":false},"excerpt":{"rendered":"<p>Favorece la circulaci\u00f3n sangu\u00ednea y el rendimiento f\u00edsico.<\/p>\n","protected":false},"featured_media":5764,"template":"","meta":{"_joinchat":[]},"product_brand":[],"product_cat":[65,15],"product_tag":[],"class_list":{"0":"post-5699","1":"product","2":"type-product","3":"status-publish","4":"has-post-thumbnail","6":"product_cat-salud","7":"product_cat-uncategorized","9":"first","10":"instock","11":"shipping-taxable","12":"purchasable","13":"product-type-simple"},"_links":{"self":[{"href":"https:\/\/traemelo.com.pe\/es\/wp-json\/wp\/v2\/product\/5699","targetHints":{"allow":["GET"]}}],"collection":[{"href":"https:\/\/traemelo.com.pe\/es\/wp-json\/wp\/v2\/product"}],"about":[{"href":"https:\/\/traemelo.com.pe\/es\/wp-json\/wp\/v2\/types\/product"}],"wp:featuredmedia":[{"embeddable":true,"href":"https:\/\/traemelo.com.pe\/es\/wp-json\/wp\/v2\/media\/5764"}],"wp:attachment":[{"href":"https:\/\/traemelo.com.pe\/es\/wp-json\/wp\/v2\/media?parent=5699"}],"wp:term":[{"taxonomy":"product_brand","embeddable":true,"href":"https:\/\/traemelo.com.pe\/es\/wp-json\/wp\/v2\/product_brand?post=5699"},{"taxonomy":"product_cat","embeddable":true,"href":"https:\/\/traemelo.com.pe\/es\/wp-json\/wp\/v2\/product_cat?post=5699"},{"taxonomy":"product_tag","embeddable":true,"href":"https:\/\/traemelo.com.pe\/es\/wp-json\/wp\/v2\/product_tag?post=5699"}],"curies":[{"name":"wp","href":"https:\/\/api.w.org\/{rel}","templated":true}]}}