{"id":5653,"date":"2026-04-04T12:15:12","date_gmt":"2026-04-04T12:15:12","guid":{"rendered":"https:\/\/traemelo.com.pe\/es\/?post_type=product&#038;p=5653"},"modified":"2026-04-04T12:18:39","modified_gmt":"2026-04-04T12:18:39","slug":"b-complex-with-electrolytes-60-tab","status":"publish","type":"product","link":"https:\/\/traemelo.com.pe\/es\/product\/b-complex-with-electrolytes-60-tab\/","title":{"rendered":"B-COMPLEX WITH ELECTROLYTES (60 TAB)"},"content":{"rendered":"","protected":false},"excerpt":{"rendered":"<p>Complejo que apoya la producci\u00f3n de energ\u00eda, reduce fatiga y favorece la hidrataci\u00f3n celular.<\/p>\n","protected":false},"featured_media":5616,"template":"","meta":{"_joinchat":[]},"product_brand":[],"product_cat":[65,15],"product_tag":[],"class_list":{"0":"post-5653","1":"product","2":"type-product","3":"status-publish","4":"has-post-thumbnail","6":"product_cat-salud","7":"product_cat-uncategorized","9":"first","10":"instock","11":"shipping-taxable","12":"purchasable","13":"product-type-simple"},"_links":{"self":[{"href":"https:\/\/traemelo.com.pe\/es\/wp-json\/wp\/v2\/product\/5653","targetHints":{"allow":["GET"]}}],"collection":[{"href":"https:\/\/traemelo.com.pe\/es\/wp-json\/wp\/v2\/product"}],"about":[{"href":"https:\/\/traemelo.com.pe\/es\/wp-json\/wp\/v2\/types\/product"}],"wp:featuredmedia":[{"embeddable":true,"href":"https:\/\/traemelo.com.pe\/es\/wp-json\/wp\/v2\/media\/5616"}],"wp:attachment":[{"href":"https:\/\/traemelo.com.pe\/es\/wp-json\/wp\/v2\/media?parent=5653"}],"wp:term":[{"taxonomy":"product_brand","embeddable":true,"href":"https:\/\/traemelo.com.pe\/es\/wp-json\/wp\/v2\/product_brand?post=5653"},{"taxonomy":"product_cat","embeddable":true,"href":"https:\/\/traemelo.com.pe\/es\/wp-json\/wp\/v2\/product_cat?post=5653"},{"taxonomy":"product_tag","embeddable":true,"href":"https:\/\/traemelo.com.pe\/es\/wp-json\/wp\/v2\/product_tag?post=5653"}],"curies":[{"name":"wp","href":"https:\/\/api.w.org\/{rel}","templated":true}]}}