{"id":5649,"date":"2026-04-04T12:15:11","date_gmt":"2026-04-04T12:15:11","guid":{"rendered":"https:\/\/traemelo.com.pe\/es\/?post_type=product&#038;p=5649"},"modified":"2026-04-04T12:18:40","modified_gmt":"2026-04-04T12:18:40","slug":"b-12-1000-mcg-100-tab-subl","status":"publish","type":"product","link":"https:\/\/traemelo.com.pe\/es\/product\/b-12-1000-mcg-100-tab-subl\/","title":{"rendered":"B-12 1000 MCG (100 TAB SUBL)"},"content":{"rendered":"","protected":false},"excerpt":{"rendered":"<p>Favorece la producci\u00f3n de gl\u00f3bulos rojos, mejora la energ\u00eda y apoya la funci\u00f3n neurol\u00f3gica.<\/p>\n","protected":false},"featured_media":5614,"template":"","meta":{"_joinchat":[]},"product_brand":[],"product_cat":[65,15],"product_tag":[],"class_list":{"0":"post-5649","1":"product","2":"type-product","3":"status-publish","4":"has-post-thumbnail","6":"product_cat-salud","7":"product_cat-uncategorized","9":"first","10":"instock","11":"shipping-taxable","12":"purchasable","13":"product-type-simple"},"_links":{"self":[{"href":"https:\/\/traemelo.com.pe\/es\/wp-json\/wp\/v2\/product\/5649","targetHints":{"allow":["GET"]}}],"collection":[{"href":"https:\/\/traemelo.com.pe\/es\/wp-json\/wp\/v2\/product"}],"about":[{"href":"https:\/\/traemelo.com.pe\/es\/wp-json\/wp\/v2\/types\/product"}],"wp:featuredmedia":[{"embeddable":true,"href":"https:\/\/traemelo.com.pe\/es\/wp-json\/wp\/v2\/media\/5614"}],"wp:attachment":[{"href":"https:\/\/traemelo.com.pe\/es\/wp-json\/wp\/v2\/media?parent=5649"}],"wp:term":[{"taxonomy":"product_brand","embeddable":true,"href":"https:\/\/traemelo.com.pe\/es\/wp-json\/wp\/v2\/product_brand?post=5649"},{"taxonomy":"product_cat","embeddable":true,"href":"https:\/\/traemelo.com.pe\/es\/wp-json\/wp\/v2\/product_cat?post=5649"},{"taxonomy":"product_tag","embeddable":true,"href":"https:\/\/traemelo.com.pe\/es\/wp-json\/wp\/v2\/product_tag?post=5649"}],"curies":[{"name":"wp","href":"https:\/\/api.w.org\/{rel}","templated":true}]}}