{"id":5647,"date":"2026-04-04T12:15:11","date_gmt":"2026-04-04T12:15:11","guid":{"rendered":"https:\/\/traemelo.com.pe\/es\/?post_type=product&#038;p=5647"},"modified":"2026-04-04T12:18:40","modified_gmt":"2026-04-04T12:18:40","slug":"ashwagandha-500-mg-30-cap","status":"publish","type":"product","link":"https:\/\/traemelo.com.pe\/es\/product\/ashwagandha-500-mg-30-cap\/","title":{"rendered":"ASHWAGANDHA 500 MG (30 CAP)"},"content":{"rendered":"","protected":false},"excerpt":{"rendered":"<p>Adapt\u00f3geno natural que ayuda a reducir el estr\u00e9s, mejorar el estado de \u00e1nimo y aumentar la resistencia f\u00edsica y mental.<\/p>\n","protected":false},"featured_media":5610,"template":"","meta":{"_joinchat":[]},"product_brand":[],"product_cat":[65,15],"product_tag":[],"class_list":{"0":"post-5647","1":"product","2":"type-product","3":"status-publish","4":"has-post-thumbnail","6":"product_cat-salud","7":"product_cat-uncategorized","9":"first","10":"instock","11":"shipping-taxable","12":"purchasable","13":"product-type-simple"},"_links":{"self":[{"href":"https:\/\/traemelo.com.pe\/es\/wp-json\/wp\/v2\/product\/5647","targetHints":{"allow":["GET"]}}],"collection":[{"href":"https:\/\/traemelo.com.pe\/es\/wp-json\/wp\/v2\/product"}],"about":[{"href":"https:\/\/traemelo.com.pe\/es\/wp-json\/wp\/v2\/types\/product"}],"wp:featuredmedia":[{"embeddable":true,"href":"https:\/\/traemelo.com.pe\/es\/wp-json\/wp\/v2\/media\/5610"}],"wp:attachment":[{"href":"https:\/\/traemelo.com.pe\/es\/wp-json\/wp\/v2\/media?parent=5647"}],"wp:term":[{"taxonomy":"product_brand","embeddable":true,"href":"https:\/\/traemelo.com.pe\/es\/wp-json\/wp\/v2\/product_brand?post=5647"},{"taxonomy":"product_cat","embeddable":true,"href":"https:\/\/traemelo.com.pe\/es\/wp-json\/wp\/v2\/product_cat?post=5647"},{"taxonomy":"product_tag","embeddable":true,"href":"https:\/\/traemelo.com.pe\/es\/wp-json\/wp\/v2\/product_tag?post=5647"}],"curies":[{"name":"wp","href":"https:\/\/api.w.org\/{rel}","templated":true}]}}