{"id":5476,"date":"2023-04-11T18:08:37","date_gmt":"2023-04-11T18:08:37","guid":{"rendered":"https:\/\/traemelo.com.pe\/es\/product\/jugo-de-uva-casa-de-bento-295-ml-caja-x-12-und\/"},"modified":"2023-04-11T18:33:52","modified_gmt":"2023-04-11T18:33:52","slug":"jugo-de-uva-casa-de-bento-295-ml-caja-x-12-und","status":"publish","type":"product","link":"https:\/\/traemelo.com.pe\/es\/product\/jugo-de-uva-casa-de-bento-295-ml-caja-x-12-und\/","title":{"rendered":"JUGO DE UVA, CASA DE BENTO 295 ML &#8211; CAJA X 12 UND."},"content":{"rendered":"<p>NUESTRO JUGO DE UVA 100% NATURAL, PROVIENE DE LA BODEGA VITIVIN\u00cdCOLA M\u00c1S GRANDE Y PREMIADA DE BRASIL, VIN\u00cdCOLA AURORA, QUE HA OBTENIDO M\u00c1S DE 730 PREMIOS INTERNACIONALES Y CUENTA CON 2800 HECT\u00c1REAS PLANTADAS.<\/p>\n<p>\u2022 RICO EN VITAMINAS, MINERALES y ANTIOXIDANTES,<\/p>\n<p>\u2022 FUENTE NATURAL DE ENERG\u00cdA E HIDRATACI\u00d3N.<\/p>\n<p>\u2022 PUEDE AYUDAR A REGULAR EL COLESTEROL, LA P\u00d1ESI\u00d3N ARTERIAL Y EL PESO.<\/p>\n<p>\u2022 PUEDE MEJORAR LA MEMORIA, LA FUNCI\u00d3N CEREBRAL Y EL FLUJO SANGU\u00cdNEO.<\/p>\n<p>\u2022 PUEDE AYUDAR A PREVENIR EL C\u00c1NCER Y ENFERMEDADES DEL CORAZ\u00d3N.<\/p>\n","protected":false},"excerpt":{"rendered":"<p>JUGO A BASE DE PURA UVA<\/p>\n<p>CAJA DE 12 BOTELLAS DE 295 ML.<\/p>\n","protected":false},"featured_media":5473,"template":"","meta":{"_joinchat":[]},"product_brand":[],"product_cat":[42],"product_tag":[159],"class_list":{"0":"post-5476","1":"product","2":"type-product","3":"status-publish","4":"has-post-thumbnail","6":"product_cat-alimentos","7":"product_tag-nuevo","9":"first","10":"instock","11":"shipping-taxable","12":"purchasable","13":"product-type-simple"},"_links":{"self":[{"href":"https:\/\/traemelo.com.pe\/es\/wp-json\/wp\/v2\/product\/5476","targetHints":{"allow":["GET"]}}],"collection":[{"href":"https:\/\/traemelo.com.pe\/es\/wp-json\/wp\/v2\/product"}],"about":[{"href":"https:\/\/traemelo.com.pe\/es\/wp-json\/wp\/v2\/types\/product"}],"wp:featuredmedia":[{"embeddable":true,"href":"https:\/\/traemelo.com.pe\/es\/wp-json\/wp\/v2\/media\/5473"}],"wp:attachment":[{"href":"https:\/\/traemelo.com.pe\/es\/wp-json\/wp\/v2\/media?parent=5476"}],"wp:term":[{"taxonomy":"product_brand","embeddable":true,"href":"https:\/\/traemelo.com.pe\/es\/wp-json\/wp\/v2\/product_brand?post=5476"},{"taxonomy":"product_cat","embeddable":true,"href":"https:\/\/traemelo.com.pe\/es\/wp-json\/wp\/v2\/product_cat?post=5476"},{"taxonomy":"product_tag","embeddable":true,"href":"https:\/\/traemelo.com.pe\/es\/wp-json\/wp\/v2\/product_tag?post=5476"}],"curies":[{"name":"wp","href":"https:\/\/api.w.org\/{rel}","templated":true}]}}