{"id":5422,"date":"2022-10-02T20:55:01","date_gmt":"2022-10-02T20:55:01","guid":{"rendered":"https:\/\/traemelo.com.pe\/es\/product\/cuerda-de-fuerza-300mm10mts-muvo-by-oxford\/"},"modified":"2022-10-03T03:38:51","modified_gmt":"2022-10-03T03:38:51","slug":"cuerda-de-fuerza-300mm10mts-muvo-by-oxford","status":"publish","type":"product","link":"https:\/\/traemelo.com.pe\/es\/product\/cuerda-de-fuerza-300mm10mts-muvo-by-oxford\/","title":{"rendered":"CUERDA DE FUERZA 300MM*10MTS &#8211; MUVO BY OXFORD"},"content":{"rendered":"<p><br data-mce-bogus=\"1\"><\/p>\n","protected":false},"excerpt":{"rendered":"<p>Presentamos: Cuerda de entrenamiento.<br \/>Marca: Muvo by Oxford<br \/>Largo: 1000 cm<br \/>Garant\u00eda: 3 meses<br \/>Cuerda para ejercicios funcionales con mangos de goma antideslizantes. Permite la opci\u00f3n de entrenamiento de bajo impacto sin comprometer las articulaciones. Permite una variedad amplia de ejercicios de fuerza y coordinaci\u00f3n.<br \/>Complementa tu entrenamiento con lo nuevo que hemos tra\u00eddo para ti. S\u00e1cale el m\u00e1ximo provecho al d\u00eda y rompe la rutina con nuestros accesorios que han sido pensados para adaptarse completamente a tus necesidades. Ll\u00e9vatelos ahora a un precio que no podr\u00e1s creer y s\u00e1cales el m\u00e1ximo provecho en tu rutina de ejercicios.<\/p>\n","protected":false},"featured_media":5210,"template":"","meta":{"_joinchat":[]},"product_brand":[],"product_cat":[76],"product_tag":[],"class_list":{"0":"post-5422","1":"product","2":"type-product","3":"status-publish","4":"has-post-thumbnail","6":"product_cat-deporte","8":"first","9":"instock","10":"sale","11":"shipping-taxable","12":"purchasable","13":"product-type-simple"},"_links":{"self":[{"href":"https:\/\/traemelo.com.pe\/es\/wp-json\/wp\/v2\/product\/5422","targetHints":{"allow":["GET"]}}],"collection":[{"href":"https:\/\/traemelo.com.pe\/es\/wp-json\/wp\/v2\/product"}],"about":[{"href":"https:\/\/traemelo.com.pe\/es\/wp-json\/wp\/v2\/types\/product"}],"wp:featuredmedia":[{"embeddable":true,"href":"https:\/\/traemelo.com.pe\/es\/wp-json\/wp\/v2\/media\/5210"}],"wp:attachment":[{"href":"https:\/\/traemelo.com.pe\/es\/wp-json\/wp\/v2\/media?parent=5422"}],"wp:term":[{"taxonomy":"product_brand","embeddable":true,"href":"https:\/\/traemelo.com.pe\/es\/wp-json\/wp\/v2\/product_brand?post=5422"},{"taxonomy":"product_cat","embeddable":true,"href":"https:\/\/traemelo.com.pe\/es\/wp-json\/wp\/v2\/product_cat?post=5422"},{"taxonomy":"product_tag","embeddable":true,"href":"https:\/\/traemelo.com.pe\/es\/wp-json\/wp\/v2\/product_tag?post=5422"}],"curies":[{"name":"wp","href":"https:\/\/api.w.org\/{rel}","templated":true}]}}