{"id":5397,"date":"2022-10-02T20:54:58","date_gmt":"2022-10-02T20:54:58","guid":{"rendered":"https:\/\/traemelo.com.pe\/es\/product\/mquina-estatica-muvo-pulse-75-golden\/"},"modified":"2022-10-03T03:54:58","modified_gmt":"2022-10-03T03:54:58","slug":"mquina-estatica-muvo-pulse-75-golden","status":"publish","type":"product","link":"https:\/\/traemelo.com.pe\/es\/product\/mquina-estatica-muvo-pulse-75-golden\/","title":{"rendered":"M\u00c1QUINA ESTATICA MUVO PULSE 75 GOLDEN"},"content":{"rendered":"<p><\/p>\n","protected":false},"excerpt":{"rendered":"<p>Les presentamos la: M?quina Estatica Muvo Pulse 75 Golden. GARANTIA DE LOS EQUIPOS FITNESS:<br \/>MAQUINA MUVO<\/p>\n<p>1. Chasis De por vida<br \/>2. Motor El\u00e9ctrico y Electr\u00f3nica 01 a\u00f1o<br \/>3.Trenes traseros de Marco, Pivotes y Bujes 12 meses<br \/>4.Partes y Componentes 06 meses<br \/>5. Carcasas y Piezas Pl\u00e1sticas Externas 03 meses<br \/>CONDICIONES DE LA GARANT?A<br \/>1. El cliente deber\u00e1 presentar su boleta de venta o factura al t\u00e9cnico para solicitar servicio de T\u00e9cnico.<br \/>2. La Garant\u00eda cubre cualquier desperfecto de Estructura.<br \/>3. La garant\u00eda no cubre desgastes y defectos derivados del uso normal del equipo.<br \/>4. Los Equipos de Oxford Fitness est\u00e1n dise\u00f1ados solamente para uso dom\u00e9stico.<br \/>5. La garant\u00eda quedara sin efecto si el equipo de OXFORD FITNESS es reparado o armado por terceros.<br \/>6. OXFORD no garantiza aquellas piezas o partes que presenten desperfectos, problemas de pintura, rayones, as\u00ed como da\u00f1os producidos por el transporte posterior a su compra.<\/p>\n","protected":false},"featured_media":5080,"template":"","meta":{"_joinchat":[]},"product_brand":[],"product_cat":[76],"product_tag":[159],"class_list":{"0":"post-5397","1":"product","2":"type-product","3":"status-publish","4":"has-post-thumbnail","6":"product_cat-deporte","7":"product_tag-nuevo","9":"first","10":"instock","11":"sale","12":"shipping-taxable","13":"purchasable","14":"product-type-simple"},"_links":{"self":[{"href":"https:\/\/traemelo.com.pe\/es\/wp-json\/wp\/v2\/product\/5397","targetHints":{"allow":["GET"]}}],"collection":[{"href":"https:\/\/traemelo.com.pe\/es\/wp-json\/wp\/v2\/product"}],"about":[{"href":"https:\/\/traemelo.com.pe\/es\/wp-json\/wp\/v2\/types\/product"}],"wp:featuredmedia":[{"embeddable":true,"href":"https:\/\/traemelo.com.pe\/es\/wp-json\/wp\/v2\/media\/5080"}],"wp:attachment":[{"href":"https:\/\/traemelo.com.pe\/es\/wp-json\/wp\/v2\/media?parent=5397"}],"wp:term":[{"taxonomy":"product_brand","embeddable":true,"href":"https:\/\/traemelo.com.pe\/es\/wp-json\/wp\/v2\/product_brand?post=5397"},{"taxonomy":"product_cat","embeddable":true,"href":"https:\/\/traemelo.com.pe\/es\/wp-json\/wp\/v2\/product_cat?post=5397"},{"taxonomy":"product_tag","embeddable":true,"href":"https:\/\/traemelo.com.pe\/es\/wp-json\/wp\/v2\/product_tag?post=5397"}],"curies":[{"name":"wp","href":"https:\/\/api.w.org\/{rel}","templated":true}]}}