{"id":5329,"date":"2022-10-02T20:54:48","date_gmt":"2022-10-02T20:54:48","guid":{"rendered":"https:\/\/traemelo.com.pe\/es\/product\/bicicleta-oxford-orion-4-aro-29-21v-azul-2\/"},"modified":"2022-10-06T13:16:41","modified_gmt":"2022-10-06T13:16:41","slug":"bicicleta-oxford-orion-4-aro-29-21v-azul-2","status":"publish","type":"product","link":"https:\/\/traemelo.com.pe\/es\/product\/bicicleta-oxford-orion-4-aro-29-21v-azul-2\/","title":{"rendered":"BICICLETA OXFORD ORION 4 ARO 29 21V AZUL"},"content":{"rendered":"<p><br data-mce-bogus=\"1\"><\/p>\n","protected":false},"excerpt":{"rendered":"<table width=\"203\" cellspacing=\"0\" cellpadding=\"0\" border=\"0\">\n<colgroup>\n<col width=\"203\"><\/colgroup>\n<tbody>\n<tr>\n<td class=\"xl65\" style=\"height:15.0pt;width:152pt\" width=\"203\" height=\"20\">Oxford<br \/>\n  presenta la:<span>\u00a0 <\/span>Bicicleta Oxford Orion 4<br \/>\n  Aro 29 21v Azul,<span>\u00a0 <\/span>Descripci\u00f3n Marco:<br \/>\n  Marco de aluminio; Suspensi\u00f3n: Delantera; Aro: 29; Descripci\u00f3n suspensi\u00f3n:<br \/>\n  100mm Suntour XCE 28; Horquilla: 100mm Suntour XCE 28; Numero de cambios: 21<br \/>\n  velocidades (3&#215;7); Velocidades: 21 velocidades (3&#215;7); Coil con ajuste de<br \/>\n  precarga; Biela (material): Aluminio; Pi\u00f1\u00f3n (Material): Acero;<span>\u00a0 <\/span>Cambio delantero: Shimano Tourney 3V; Maza<br \/>\n  trasera: Aluminio 32H anclaje para disco con bloqueo; Manubrio (Material):<br \/>\n  Aluminio<\/td>\n<\/tr>\n<\/tbody>\n<\/table>\n<p><\/p>\n","protected":false},"featured_media":0,"template":"","meta":{"_joinchat":[]},"product_brand":[],"product_cat":[76],"product_tag":[159],"class_list":{"0":"post-5329","1":"product","2":"type-product","3":"status-publish","5":"product_cat-deporte","6":"product_tag-nuevo","8":"first","9":"instock","10":"sale","11":"shipping-taxable","12":"purchasable","13":"product-type-simple"},"_links":{"self":[{"href":"https:\/\/traemelo.com.pe\/es\/wp-json\/wp\/v2\/product\/5329","targetHints":{"allow":["GET"]}}],"collection":[{"href":"https:\/\/traemelo.com.pe\/es\/wp-json\/wp\/v2\/product"}],"about":[{"href":"https:\/\/traemelo.com.pe\/es\/wp-json\/wp\/v2\/types\/product"}],"wp:attachment":[{"href":"https:\/\/traemelo.com.pe\/es\/wp-json\/wp\/v2\/media?parent=5329"}],"wp:term":[{"taxonomy":"product_brand","embeddable":true,"href":"https:\/\/traemelo.com.pe\/es\/wp-json\/wp\/v2\/product_brand?post=5329"},{"taxonomy":"product_cat","embeddable":true,"href":"https:\/\/traemelo.com.pe\/es\/wp-json\/wp\/v2\/product_cat?post=5329"},{"taxonomy":"product_tag","embeddable":true,"href":"https:\/\/traemelo.com.pe\/es\/wp-json\/wp\/v2\/product_tag?post=5329"}],"curies":[{"name":"wp","href":"https:\/\/api.w.org\/{rel}","templated":true}]}}