{"id":5311,"date":"2022-10-02T20:54:46","date_gmt":"2022-10-02T20:54:46","guid":{"rendered":"https:\/\/traemelo.com.pe\/es\/product\/bicicleta-oxford-20-spine-20-1v-plata\/"},"modified":"2022-10-06T13:30:35","modified_gmt":"2022-10-06T13:30:35","slug":"bicicleta-oxford-20-spine-20-1v-plata","status":"publish","type":"product","link":"https:\/\/traemelo.com.pe\/es\/product\/bicicleta-oxford-20-spine-20-1v-plata\/","title":{"rendered":"BICICLETA OXFORD 20 SPINE 20 1V PLATA"},"content":{"rendered":"<p><\/p>\n","protected":false},"excerpt":{"rendered":"<table class=\"mce-item-table\" width=\"203\" cellspacing=\"0\" cellpadding=\"0\" border=\"0\">\n<colgroup>\n<col width=\"203\"><\/colgroup>\n<tbody>\n<tr>\n<td class=\"xl65\" style=\"height: 15.0pt;width: 152pt\" data-mce-style=\"height: 15.0pt; width: 152pt;\" width=\"203\" height=\"20\">\n<p>Oxford<br \/>presenta: Bicicleta Oxford Spine Aro 20 1v Plata<br \/>Descripci\u00f3n Marco: Infantil,\u00a0<br \/>Suspensi\u00f3n: Sin Suspension, Descripci\u00f3n suspensi\u00f3n: Sin Suspension,<br \/>Aro:20, Horquilla: OXFORD r\u00edgida acero High-Ten, Numero de cambios: 1<br \/>velocidad, Velocidades: 1 velocidad,\u00a0<br \/>Biela (material): Acero,\u00a0 Pi\u00f1\u00f3n<br \/>(Material): Acero,\u00a0 Maza trasera: Acero<br \/>High-ten,\u00a0 Manubrio (Material): Acero<\/p>\n<p>GARANT\u00cdA BICICLETA OXFORD<br \/>1. Marco (due\u00f1o original de la bicicleta) De por vida <br \/>2.Cuadros de Carbono 05 a\u00f1os<br \/>3. Trenes traseros de Marco, Pivotes y Bujes 12 meses <br \/>4. Horquilla con amortiguaci\u00f3n, Partes y Piezas 06 meses <br \/>5. Servicio Gratuito dentro de los primeros 30 d\u00edas, desde la fecha de<br \/>compra de (Revisi\u00f3n mec\u00e1nica, ajuste, <br \/>regulaci\u00f3n de cambios y frenos)<br \/>CONDICIONES DE LA GARANT\u00cdA <br \/>1. El cliente deber\u00e1 presentar su boleta de venta o factura al t\u00e9cnico para<br \/>solicitar servicio de T\u00e9cnico.<br \/>2. La Garant\u00eda cubre cualquier desperfecto de Estructura.<br \/>3. La garant\u00eda no cubre desgastes y defectos derivados del uso normal del<br \/>equipo.<br \/>4. Los Equipos de Oxford Fitness est\u00e1n dise\u00f1ados solamente para uso<br \/>dom\u00e9stico. <br \/>5. La garant\u00eda quedara sin efecto si el equipo de OXFORD FITNESS es<br \/>reparado o armado por terceros. <br \/>6. OXFORD no garantiza aquellas piezas o partes que presenten desperfectos,<br \/>problemas de pintura, rayones, as\u00ed como da\u00f1os producidos por el transporte<br \/>posterior a su compra.\u00a0<\/p>\n<\/td>\n<\/tr>\n<\/tbody>\n<\/table>\n","protected":false},"featured_media":5188,"template":"","meta":{"_joinchat":[]},"product_brand":[],"product_cat":[76],"product_tag":[159],"class_list":{"0":"post-5311","1":"product","2":"type-product","3":"status-publish","4":"has-post-thumbnail","6":"product_cat-deporte","7":"product_tag-nuevo","9":"first","10":"instock","11":"sale","12":"shipping-taxable","13":"purchasable","14":"product-type-simple"},"_links":{"self":[{"href":"https:\/\/traemelo.com.pe\/es\/wp-json\/wp\/v2\/product\/5311","targetHints":{"allow":["GET"]}}],"collection":[{"href":"https:\/\/traemelo.com.pe\/es\/wp-json\/wp\/v2\/product"}],"about":[{"href":"https:\/\/traemelo.com.pe\/es\/wp-json\/wp\/v2\/types\/product"}],"wp:featuredmedia":[{"embeddable":true,"href":"https:\/\/traemelo.com.pe\/es\/wp-json\/wp\/v2\/media\/5188"}],"wp:attachment":[{"href":"https:\/\/traemelo.com.pe\/es\/wp-json\/wp\/v2\/media?parent=5311"}],"wp:term":[{"taxonomy":"product_brand","embeddable":true,"href":"https:\/\/traemelo.com.pe\/es\/wp-json\/wp\/v2\/product_brand?post=5311"},{"taxonomy":"product_cat","embeddable":true,"href":"https:\/\/traemelo.com.pe\/es\/wp-json\/wp\/v2\/product_cat?post=5311"},{"taxonomy":"product_tag","embeddable":true,"href":"https:\/\/traemelo.com.pe\/es\/wp-json\/wp\/v2\/product_tag?post=5311"}],"curies":[{"name":"wp","href":"https:\/\/api.w.org\/{rel}","templated":true}]}}