{"id":5309,"date":"2022-10-02T20:54:44","date_gmt":"2022-10-02T20:54:44","guid":{"rendered":"https:\/\/traemelo.com.pe\/es\/product\/bicicleta-oxford-20-spine-20-1v-negro-amarillo\/"},"modified":"2022-10-06T13:10:36","modified_gmt":"2022-10-06T13:10:36","slug":"bicicleta-oxford-20-spine-20-1v-negro-amarillo","status":"publish","type":"product","link":"https:\/\/traemelo.com.pe\/es\/product\/bicicleta-oxford-20-spine-20-1v-negro-amarillo\/","title":{"rendered":"BICICLETA OXFORD 20 SPINE 20 1V NEGRO\/AMARILLO"},"content":{"rendered":"<p><\/p>\n","protected":false},"excerpt":{"rendered":"<table width=\"203\" cellspacing=\"0\" cellpadding=\"0\" border=\"0\">\n<colgroup>\n<col width=\"203\"><\/colgroup>\n<tbody>\n<tr>\n<td class=\"xl65\" style=\"height:15.0pt;width:152pt\" width=\"203\" height=\"20\">Oxford<br \/>\n  presenta: Bicicleta Oxford Spine Aro 20 1v Negro\/Amarillo<br \/>\n    Descripci\u00f3n Marco: Infantil,<span>\u00a0<br \/>\n  <\/span>Suspensi\u00f3n: Sin Suspension, Descripci\u00f3n suspensi\u00f3n: Sin Suspension,<br \/>\n  Aro:20, Horquilla: OXFORD r\u00edgida acero High-Ten, Numero de cambios: 1<br \/>\n  velocidad, Velocidades: 1 velocidad,<span>\u00a0<br \/>\n  <\/span>Biela (material): Acero,<span>\u00a0 <\/span>Pi\u00f1\u00f3n<br \/>\n  (Material): Acero,<span>\u00a0 <\/span>Maza trasera: Acero<br \/>\n  High-ten,<span>\u00a0 <\/span>Manubrio (Material): Acero<br \/>\n  <br \/>\n    GARANT\u00cdA BICICLETA OXFORD<br \/>\n    1. Marco (due\u00f1o original de la bicicleta) De por vida <br \/>\n    2.Cuadros de Carbono 05 a\u00f1os<br \/>\n    3. Trenes traseros de Marco, Pivotes y Bujes 12 meses <br \/>\n    4. Horquilla con amortiguaci\u00f3n, Partes y Piezas 06 meses <br \/>\n    5. Servicio Gratuito dentro de los primeros 30 d\u00edas, desde la fecha de<br \/>\n  compra de (Revisi\u00f3n mec\u00e1nica, ajuste, <br \/>\n    regulaci\u00f3n de cambios y frenos)<br \/>\n    CONDICIONES DE LA GARANT\u00cdA <br \/>\n    1. El cliente deber\u00e1 presentar su boleta de venta o factura al t\u00e9cnico para<br \/>\n  solicitar servicio de T\u00e9cnico.<br \/>\n    2. La Garant\u00eda cubre cualquier desperfecto de Estructura.<br \/>\n    3. La garant\u00eda no cubre desgastes y defectos derivados del uso normal del<br \/>\n  equipo.<br \/>\n    4. Los Equipos de Oxford Fitness est\u00e1n dise\u00f1ados solamente para uso<br \/>\n  dom\u00e9stico. <br \/>\n    5. La garant\u00eda quedara sin efecto si el equipo de OXFORD FITNESS es<br \/>\n  reparado o armado por terceros. <br \/>\n    6. OXFORD no garantiza aquellas piezas o partes que presenten desperfectos,<br \/>\n  problemas de pintura, rayones, as\u00ed como da\u00f1os producidos por el transporte<br \/>\n  posterior a su compra.<span>\u00a0<\/span><\/td>\n<\/tr>\n<\/tbody>\n<\/table>\n<p><\/p>\n","protected":false},"featured_media":5186,"template":"","meta":{"_joinchat":[]},"product_brand":[],"product_cat":[76],"product_tag":[159],"class_list":{"0":"post-5309","1":"product","2":"type-product","3":"status-publish","4":"has-post-thumbnail","6":"product_cat-deporte","7":"product_tag-nuevo","9":"first","10":"instock","11":"sale","12":"shipping-taxable","13":"purchasable","14":"product-type-simple"},"_links":{"self":[{"href":"https:\/\/traemelo.com.pe\/es\/wp-json\/wp\/v2\/product\/5309","targetHints":{"allow":["GET"]}}],"collection":[{"href":"https:\/\/traemelo.com.pe\/es\/wp-json\/wp\/v2\/product"}],"about":[{"href":"https:\/\/traemelo.com.pe\/es\/wp-json\/wp\/v2\/types\/product"}],"wp:featuredmedia":[{"embeddable":true,"href":"https:\/\/traemelo.com.pe\/es\/wp-json\/wp\/v2\/media\/5186"}],"wp:attachment":[{"href":"https:\/\/traemelo.com.pe\/es\/wp-json\/wp\/v2\/media?parent=5309"}],"wp:term":[{"taxonomy":"product_brand","embeddable":true,"href":"https:\/\/traemelo.com.pe\/es\/wp-json\/wp\/v2\/product_brand?post=5309"},{"taxonomy":"product_cat","embeddable":true,"href":"https:\/\/traemelo.com.pe\/es\/wp-json\/wp\/v2\/product_cat?post=5309"},{"taxonomy":"product_tag","embeddable":true,"href":"https:\/\/traemelo.com.pe\/es\/wp-json\/wp\/v2\/product_tag?post=5309"}],"curies":[{"name":"wp","href":"https:\/\/api.w.org\/{rel}","templated":true}]}}