{"id":4043,"date":"2020-07-09T01:33:57","date_gmt":"2020-07-09T01:33:57","guid":{"rendered":"https:\/\/traemelo.com.pe\/es\/?post_type=product&#038;p=4043"},"modified":"2020-07-09T01:33:57","modified_gmt":"2020-07-09T01:33:57","slug":"camionetas-65-soles-por-hora-distritos-no-comerciales","status":"publish","type":"product","link":"https:\/\/traemelo.com.pe\/es\/product\/camionetas-65-soles-por-hora-distritos-no-comerciales\/","title":{"rendered":"CAMIONETAS -65 SOLES POR HORA &#8211; DISTRITOS NO COMERCIALES"},"content":{"rendered":"","protected":false},"excerpt":{"rendered":"<p>NORTE : ANCON, SANTA ROSA, PUENTEPIEDRA, VENTANILLA,SAN MARTIN DE<br \/>\nPORRES2 (urbanizaciones y AAHH Aleda\u00f1os al rio Chill\u00f3n ), LOS OLIVOS 2 (Pro) Despu\u00e9s de av.<br \/>\n2 de Octubre, COMAS, CARABAYLLO.<br \/>\nESTE : SANJUANDE LURIGANCHO, LURIGANCHO ( Hasta Ruinas de<br \/>\nCajamarquilla \u2013 Huachipa ), ATE ( Despues de Complejo arqueol\u00f3gico Puruchuco )<br \/>\nSUR : SAN JUAN DE MIRAFLORES 2, ( despues de av. Miguel Iglesias ), VILLAMARIA<br \/>\nDELTRIUNFO &#8211; VILLAELSALVADOR<\/p>\n","protected":false},"featured_media":0,"template":"","meta":{"_joinchat":[]},"product_brand":[],"product_cat":[15],"product_tag":[],"class_list":{"0":"post-4043","1":"product","2":"type-product","3":"status-publish","5":"product_cat-uncategorized","7":"first","8":"instock","9":"shipping-taxable","10":"purchasable","11":"product-type-simple"},"_links":{"self":[{"href":"https:\/\/traemelo.com.pe\/es\/wp-json\/wp\/v2\/product\/4043","targetHints":{"allow":["GET"]}}],"collection":[{"href":"https:\/\/traemelo.com.pe\/es\/wp-json\/wp\/v2\/product"}],"about":[{"href":"https:\/\/traemelo.com.pe\/es\/wp-json\/wp\/v2\/types\/product"}],"wp:attachment":[{"href":"https:\/\/traemelo.com.pe\/es\/wp-json\/wp\/v2\/media?parent=4043"}],"wp:term":[{"taxonomy":"product_brand","embeddable":true,"href":"https:\/\/traemelo.com.pe\/es\/wp-json\/wp\/v2\/product_brand?post=4043"},{"taxonomy":"product_cat","embeddable":true,"href":"https:\/\/traemelo.com.pe\/es\/wp-json\/wp\/v2\/product_cat?post=4043"},{"taxonomy":"product_tag","embeddable":true,"href":"https:\/\/traemelo.com.pe\/es\/wp-json\/wp\/v2\/product_tag?post=4043"}],"curies":[{"name":"wp","href":"https:\/\/api.w.org\/{rel}","templated":true}]}}