{"id":2988,"date":"2020-06-13T14:00:03","date_gmt":"2020-06-13T14:00:03","guid":{"rendered":"https:\/\/traemelo.com.pe\/es\/product\/import-placeholder-for-3565\/"},"modified":"2021-06-17T20:13:40","modified_gmt":"2021-06-17T20:13:40","slug":"pandereta-littlehands-junglejam","status":"publish","type":"product","link":"https:\/\/traemelo.com.pe\/es\/product\/pandereta-littlehands-junglejam\/","title":{"rendered":"PANDERETA LITTLEHANDS JUNGLEJAM"},"content":{"rendered":"<p><strong>INFORMACI\u00d3N DEL PRODUCTO<\/strong><\/p>\n<p>PANDERETA DE MADERA, PARA HACER DESPERTAR EN EL NI\u00d1O UN INTER\u00c9S CRECIENTE POR LA M\u00daSICA, ES IDEAL PARA SER SACUDIDA, GOLPEADA Y GIRARLA PARA QUE CREE SONIDO<\/p>\n","protected":false},"excerpt":{"rendered":"<p>Pandereta de madera, para hacer despertar en el ni\u00f1o un inter\u00e9s creciente por la m\u00fasica<\/p>\n","protected":false},"featured_media":3013,"template":"","meta":{"_joinchat":[]},"product_brand":[],"product_cat":[64],"product_tag":[],"class_list":{"0":"post-2988","1":"product","2":"type-product","3":"status-publish","4":"has-post-thumbnail","6":"product_cat-hogar","8":"first","9":"instock","10":"shipping-taxable","11":"purchasable","12":"product-type-simple"},"_links":{"self":[{"href":"https:\/\/traemelo.com.pe\/es\/wp-json\/wp\/v2\/product\/2988","targetHints":{"allow":["GET"]}}],"collection":[{"href":"https:\/\/traemelo.com.pe\/es\/wp-json\/wp\/v2\/product"}],"about":[{"href":"https:\/\/traemelo.com.pe\/es\/wp-json\/wp\/v2\/types\/product"}],"wp:featuredmedia":[{"embeddable":true,"href":"https:\/\/traemelo.com.pe\/es\/wp-json\/wp\/v2\/media\/3013"}],"wp:attachment":[{"href":"https:\/\/traemelo.com.pe\/es\/wp-json\/wp\/v2\/media?parent=2988"}],"wp:term":[{"taxonomy":"product_brand","embeddable":true,"href":"https:\/\/traemelo.com.pe\/es\/wp-json\/wp\/v2\/product_brand?post=2988"},{"taxonomy":"product_cat","embeddable":true,"href":"https:\/\/traemelo.com.pe\/es\/wp-json\/wp\/v2\/product_cat?post=2988"},{"taxonomy":"product_tag","embeddable":true,"href":"https:\/\/traemelo.com.pe\/es\/wp-json\/wp\/v2\/product_tag?post=2988"}],"curies":[{"name":"wp","href":"https:\/\/api.w.org\/{rel}","templated":true}]}}