{"id":3962,"date":"2020-06-16T06:42:39","date_gmt":"2020-06-16T06:42:39","guid":{"rendered":"https:\/\/traemelo.com.pe\/es\/?page_id=3962"},"modified":"2020-06-16T06:42:41","modified_gmt":"2020-06-16T06:42:41","slug":"privacidad","status":"publish","type":"page","link":"https:\/\/traemelo.com.pe\/es\/privacidad\/","title":{"rendered":"Privacidad"},"content":{"rendered":"\n<p class=\"has-text-align-center\"><strong>Pol\u00edtica de Privacidad<\/strong><\/p>\n\n\n\n<p>La presente Pol\u00edtica busca informarlo sobre la utilizaci\u00f3n y tratamiento de la informaci\u00f3n personal que se recopile o genere a trav\u00e9s de las visitas al sitio web <strong>Traemelo.com.pe<\/strong> &nbsp;y as\u00ed como aquella informaci\u00f3n personal que usted entregue y\/o suministre de manera voluntaria.<\/p>\n\n\n\n<p><strong>Traemelo.com.pe<\/strong> &nbsp;se reserva la facultad de modificar la presente Pol\u00edtica de Privacidad para adaptarla a las novedades legislativas y jurisprudenciales dentro del marco de la Ley N\u00b0 29733, Ley de Protecci\u00f3n de Datos Personales, su reglamento, directiva y dem\u00e1s normas modificatorias, complementarias y conexas.<\/p>\n\n\n\n<p>Recomendamos mantenerse informado acerca de la Pol\u00edtica de Privacidad vigente cada vez que hace uso de este portal.<\/p>\n\n\n\n<p><strong>Informaci\u00f3n de los usuarios<\/strong><\/p>\n\n\n\n<p><strong>Traemelo.com.pe<\/strong> &nbsp;obtiene y registra informaci\u00f3n de sus usuarios a trav\u00e9s de m\u00e9todos manuales y autom\u00e1ticos:<\/p>\n\n\n\n<p>\u00b7Mecanismos Autom\u00e1ticos: Procesos computacionales que permiten generar registros de las actividades de los usuarios dentro del sitio web, sin identificarlos individualmente, mediante los cuales establece patrones de navegaci\u00f3n y audiencia.<\/p>\n\n\n\n<p>\u00b7Mecanismos Manuales: Solicitudes expresas y voluntarias de servicios, reclamos u otros tr\u00e1mites de parte de los usuarios y con ocasi\u00f3n de los cuales, deber\u00e1n suministrar y\/o entregar datos personales tales como nombre, correo electr\u00f3nico, documento nacional de identidad, tel\u00e9fono, ocupaci\u00f3n u otros.<\/p>\n\n\n\n<p><strong>Traemelo.com.pe<\/strong> la entidad responsable de los datos de car\u00e1cter personal que sean suministrados por los usuarios o generados como consecuencia de las solicitudes de pedidos u otros servicios, pudiendo incluirlas en Bancos de Datos Personales de los cuales <strong>Traemelo.com.pe<\/strong> &nbsp;es titular y responsable. Asimismo, <strong>Traemelo.com.pe<\/strong> podr\u00e1 utilizar y tratar por s\u00ed mismo, o a trav\u00e9s de terceros, los datos personales suministrados y\/o entregados por los usuarios as\u00ed como aquellos que <strong>Traemelo.com.pe<\/strong> genere con ocasi\u00f3n de la gesti\u00f3n y\/o atenci\u00f3n de los pedidos u otros servicios solicitados o iniciados por los usuarios en el marco de las funciones propias de<strong> Traemelo.com.pe<\/strong>, estrictamente para realizar estas actividades. <strong>Traemelo.com.pe<\/strong> &nbsp;pone en conocimiento que ha adoptado los niveles de seguridad apropiados para el resguardo de la informaci\u00f3n, respetando las medidas aplicables a cada categor\u00eda y tipo de tratamiento de Bancos de Datos personales; Asimismo, declara que respeta los principios de legalidad, consentimiento, finalidad, proporcionalidad, calidad, disposici\u00f3n de recurso, y nivel de protecci\u00f3n adecuado, conforme a las disposiciones de la Ley N\u00b0 29733, Ley de Protecci\u00f3n de Datos Personales vigente en el Per\u00fa, su reglamento, directiva y dem\u00e1s normas modificatorias, complementarias y conexas.<\/p>\n\n\n\n<p>Cualquier persona que navegue en nuestro portal institucional no requiere ning\u00fan tipo de registro, lo cual permite que visite nuestra p\u00e1gina web sin necesidad de identificarse, a excepci\u00f3n de algunos servicios pedidos que podr\u00edan requerir de la informaci\u00f3n del usuario para llevarse a cabo. Por la sola visita a nuestro portal <strong>Traemelo.com.pe<\/strong>, no se facilita informaci\u00f3n personal alguna ni queda obligado a facilitarla.<\/p>\n\n\n\n<p>I<strong>nformaci\u00f3n a terceros<\/strong><\/p>\n\n\n\n<p><strong>Traemelo.com.pe<\/strong> &nbsp;puede revelar los datos personales de los usuarios si es requerido a hacerlo o ha sido dispuesto por mandato legal o por una orden judicial.<\/p>\n\n\n\n<p>A trav\u00e9s de esta Pol\u00edtica de Privacidad, <strong>Traemelo.com.pe<\/strong> no suscribe compromiso contractual alguno, sino que \u00e9sta se entrega s\u00f3lo con fines informativos.<\/p>\n\n\n\n<p><strong>Derechos de los usuarios sobre su informaci\u00f3n<\/strong><\/p>\n\n\n\n<p><strong>Traemelo.com.pe<\/strong> pone en conocimiento que, en cualquier momento, los titulares de los datos personales podr\u00e1n ejercer sus derechos de informaci\u00f3n, acceso, rectificaci\u00f3n, cancelaci\u00f3n y oposici\u00f3n de sus datos, de acuerdo a lo dispuesto por la Ley N\u00b0 29733, Ley de Protecci\u00f3n de Datos Personales vigente y su reglamento, efectuando su solicitud a trav\u00e9s nuestros n\u00fameros o correos electr\u00f3nicos de contacto.<\/p>\n","protected":false},"excerpt":{"rendered":"<p>Pol\u00edtica de Privacidad La presente Pol\u00edtica busca informarlo sobre la utilizaci\u00f3n y tratamiento de la informaci\u00f3n personal que se recopile<\/p>\n","protected":false},"author":1,"featured_media":0,"parent":0,"menu_order":0,"comment_status":"closed","ping_status":"closed","template":"","meta":{"_joinchat":[],"footnotes":""},"class_list":["post-3962","page","type-page","status-publish","hentry"],"_links":{"self":[{"href":"https:\/\/traemelo.com.pe\/es\/wp-json\/wp\/v2\/pages\/3962","targetHints":{"allow":["GET"]}}],"collection":[{"href":"https:\/\/traemelo.com.pe\/es\/wp-json\/wp\/v2\/pages"}],"about":[{"href":"https:\/\/traemelo.com.pe\/es\/wp-json\/wp\/v2\/types\/page"}],"author":[{"embeddable":true,"href":"https:\/\/traemelo.com.pe\/es\/wp-json\/wp\/v2\/users\/1"}],"replies":[{"embeddable":true,"href":"https:\/\/traemelo.com.pe\/es\/wp-json\/wp\/v2\/comments?post=3962"}],"version-history":[{"count":1,"href":"https:\/\/traemelo.com.pe\/es\/wp-json\/wp\/v2\/pages\/3962\/revisions"}],"predecessor-version":[{"id":3963,"href":"https:\/\/traemelo.com.pe\/es\/wp-json\/wp\/v2\/pages\/3962\/revisions\/3963"}],"wp:attachment":[{"href":"https:\/\/traemelo.com.pe\/es\/wp-json\/wp\/v2\/media?parent=3962"}],"curies":[{"name":"wp","href":"https:\/\/api.w.org\/{rel}","templated":true}]}}